{"id":111,"date":"2023-07-10T21:22:35","date_gmt":"2023-07-11T00:22:35","guid":{"rendered":"https:\/\/carneada.com\/?page_id=111"},"modified":"2024-03-21T14:45:02","modified_gmt":"2024-03-21T17:45:02","slug":"contacto","status":"publish","type":"page","link":"https:\/\/carneada.com\/index.php\/contacto\/","title":{"rendered":"Contacto"},"content":{"rendered":"\t\t<div data-elementor-type=\"wp-page\" data-elementor-id=\"111\" class=\"elementor elementor-111\" data-elementor-post-type=\"page\">\n\t\t\t\t\t\t<section class=\"elementor-section elementor-top-section elementor-element elementor-element-3440415 elementor-section-stretched elementor-section-boxed elementor-section-height-default elementor-section-height-default elementor-invisible\" data-id=\"3440415\" data-element_type=\"section\" data-settings=\"{&quot;animation&quot;:&quot;fadeIn&quot;,&quot;stretch_section&quot;:&quot;section-stretched&quot;}\">\n\t\t\t\t\t\t<div class=\"elementor-container elementor-column-gap-default\">\n\t\t\t\t\t<div class=\"elementor-column elementor-col-50 elementor-top-column elementor-element elementor-element-436635f\" data-id=\"436635f\" data-element_type=\"column\">\n\t\t\t<div class=\"elementor-widget-wrap elementor-element-populated\">\n\t\t\t\t\t\t<div class=\"elementor-element elementor-element-8846a50 elementor-widget elementor-widget-text-editor\" data-id=\"8846a50\" data-element_type=\"widget\" data-widget_type=\"text-editor.default\">\n\t\t\t\t<div class=\"elementor-widget-container\">\n\t\t\t\t\t\t\t\t\t<p>Les dejamos nuestros contactos, ya sea para pedido de informaci\u00f3n o para solicitar informaci\u00f3n relacionada a la elaboraci\u00f3n, as\u00ed podr\u00e1n hablar con <strong>Belen<\/strong> o con <strong>Marcelo<\/strong>.<\/p>\t\t\t\t\t\t\t\t<\/div>\n\t\t\t\t<\/div>\n\t\t\t\t<div class=\"elementor-element elementor-element-804796b elementor-widget-divider--view-line_icon elementor-view-default elementor-widget-divider--element-align-center elementor-widget elementor-widget-divider\" data-id=\"804796b\" data-element_type=\"widget\" data-widget_type=\"divider.default\">\n\t\t\t\t<div class=\"elementor-widget-container\">\n\t\t\t\t\t\t\t<div class=\"elementor-divider\">\n\t\t\t<span class=\"elementor-divider-separator\">\n\t\t\t\t\t\t\t<div class=\"elementor-icon elementor-divider__element\">\n\t\t\t\t\t<svg xmlns=\"http:\/\/www.w3.org\/2000\/svg\" xmlns:xlink=\"http:\/\/www.w3.org\/1999\/xlink\" id=\"Capa_1\" data-name=\"Capa 1\" viewBox=\"0 0 512 512\"><defs><style>.cls-1{fill:url(#Degradado_sin_nombre_41);}.cls-2{fill:#fff;}<\/style><linearGradient id=\"Degradado_sin_nombre_41\" y1=\"258.2\" x2=\"512\" y2=\"258.2\" gradientUnits=\"userSpaceOnUse\"><stop offset=\"0\" stop-color=\"#d2091e\"><\/stop><stop offset=\"0.3\" stop-color=\"#cf0b1f\"><\/stop><stop offset=\"0.47\" stop-color=\"#c71020\"><\/stop><stop offset=\"0.57\" stop-color=\"#be1622\"><\/stop><stop offset=\"1\" stop-color=\"#b51923\"><\/stop><\/linearGradient><\/defs><title>logo CARNEADA<\/title><circle class=\"cls-1\" cx=\"256\" cy=\"258.2\" r=\"256\"><\/circle><path class=\"cls-2\" d=\"M418.06,194.12l-22.7-27.62c1.14,63-72.62,84-72.62,84C413.24,237.76,418.06,194.12,418.06,194.12Z\"><\/path><path class=\"cls-2\" d=\"M395.36,347.2l22.7-27.62s-4.82-43.64-95.32-56.35C322.74,263.23,396.5,284.22,395.36,347.2Z\"><\/path><polygon class=\"cls-2\" points=\"457.19 275.1 495.37 256.85 457.19 238.6 366.43 256.85 457.19 275.1\"><\/polygon><path class=\"cls-2\" d=\"M371.7,386.27C371.7,439.16,337.13,481,281,481H228.18c-55.45,0-91.34-41.83-91.34-94.72v-262c0-52.89,35.89-94.72,91.34-94.72H281c56.11,0,90.68,41.83,90.68,94.72V183.9H300.59l9.79-52.28C308.42,95.94,294.07,88,254.27,88c-38.49,0-55.45,16-55.45,52.9V369.66c0,36.9,17,52.9,55.45,52.9,39.8,0,54.15-6.77,56.11-43.06l-9.79-52.28H371.7Z\"><\/path><\/svg><\/div>\n\t\t\t\t\t\t<\/span>\n\t\t<\/div>\n\t\t\t\t\t\t<\/div>\n\t\t\t\t<\/div>\n\t\t\t\t<div class=\"elementor-element elementor-element-15efae3 elementor-icon-list--layout-traditional elementor-list-item-link-full_width elementor-widget elementor-widget-icon-list\" data-id=\"15efae3\" data-element_type=\"widget\" data-widget_type=\"icon-list.default\">\n\t\t\t\t<div class=\"elementor-widget-container\">\n\t\t\t\t\t\t\t<ul class=\"elementor-icon-list-items\">\n\t\t\t\t\t\t\t<li class=\"elementor-icon-list-item\">\n\t\t\t\t\t\t\t\t\t\t\t<span class=\"elementor-icon-list-icon\">\n\t\t\t\t\t\t\t<i aria-hidden=\"true\" class=\"fas fa-phone\"><\/i>\t\t\t\t\t\t<\/span>\n\t\t\t\t\t\t\t\t\t\t<span class=\"elementor-icon-list-text\">Marcelo<\/span>\n\t\t\t\t\t\t\t\t\t<\/li>\n\t\t\t\t\t\t<\/ul>\n\t\t\t\t\t\t<\/div>\n\t\t\t\t<\/div>\n\t\t\t\t<div class=\"elementor-element elementor-element-3fcf384 elementor-widget elementor-widget-text-editor\" data-id=\"3fcf384\" data-element_type=\"widget\" data-widget_type=\"text-editor.default\">\n\t\t\t\t<div class=\"elementor-widget-container\">\n\t\t\t\t\t\t\t\t\t<p>En el caso de tener dudas en cuanto a la elaboraci\u00f3n de productos se pueden comunicar al <strong>+54 9 11 5315-0618<\/strong><\/p>\t\t\t\t\t\t\t\t<\/div>\n\t\t\t\t<\/div>\n\t\t\t\t<div class=\"elementor-element elementor-element-7c81144 elementor-icon-list--layout-traditional elementor-list-item-link-full_width elementor-widget elementor-widget-icon-list\" data-id=\"7c81144\" data-element_type=\"widget\" data-widget_type=\"icon-list.default\">\n\t\t\t\t<div class=\"elementor-widget-container\">\n\t\t\t\t\t\t\t<ul class=\"elementor-icon-list-items\">\n\t\t\t\t\t\t\t<li class=\"elementor-icon-list-item\">\n\t\t\t\t\t\t\t\t\t\t\t<span class=\"elementor-icon-list-icon\">\n\t\t\t\t\t\t\t<i aria-hidden=\"true\" class=\"fab fa-whatsapp\"><\/i>\t\t\t\t\t\t<\/span>\n\t\t\t\t\t\t\t\t\t\t<span class=\"elementor-icon-list-text\">Bel\u00e9n<\/span>\n\t\t\t\t\t\t\t\t\t<\/li>\n\t\t\t\t\t\t<\/ul>\n\t\t\t\t\t\t<\/div>\n\t\t\t\t<\/div>\n\t\t\t\t<div class=\"elementor-element elementor-element-3e1f730 elementor-widget elementor-widget-text-editor\" data-id=\"3e1f730\" data-element_type=\"widget\" data-widget_type=\"text-editor.default\">\n\t\t\t\t<div class=\"elementor-widget-container\">\n\t\t\t\t\t\t\t\t\t<p>en el caso de solicitar informaci\u00f3n o tomar cupos se pueden comunicar el siguiente whtasapp <strong>+54 9 11 2393-0494<\/strong><\/p>\t\t\t\t\t\t\t\t<\/div>\n\t\t\t\t<\/div>\n\t\t\t\t<div class=\"elementor-element elementor-element-69b5ab6 elementor-widget-divider--view-line_icon elementor-view-default elementor-widget-divider--element-align-center elementor-widget elementor-widget-divider\" data-id=\"69b5ab6\" data-element_type=\"widget\" data-widget_type=\"divider.default\">\n\t\t\t\t<div class=\"elementor-widget-container\">\n\t\t\t\t\t\t\t<div class=\"elementor-divider\">\n\t\t\t<span class=\"elementor-divider-separator\">\n\t\t\t\t\t\t\t<div class=\"elementor-icon elementor-divider__element\">\n\t\t\t\t\t<svg xmlns=\"http:\/\/www.w3.org\/2000\/svg\" xmlns:xlink=\"http:\/\/www.w3.org\/1999\/xlink\" id=\"Capa_1\" data-name=\"Capa 1\" viewBox=\"0 0 512 512\"><defs><style>.cls-1{fill:url(#Degradado_sin_nombre_41);}.cls-2{fill:#fff;}<\/style><linearGradient id=\"Degradado_sin_nombre_41\" y1=\"258.2\" x2=\"512\" y2=\"258.2\" gradientUnits=\"userSpaceOnUse\"><stop offset=\"0\" stop-color=\"#d2091e\"><\/stop><stop offset=\"0.3\" stop-color=\"#cf0b1f\"><\/stop><stop offset=\"0.47\" stop-color=\"#c71020\"><\/stop><stop offset=\"0.57\" stop-color=\"#be1622\"><\/stop><stop offset=\"1\" stop-color=\"#b51923\"><\/stop><\/linearGradient><\/defs><title>logo CARNEADA<\/title><circle class=\"cls-1\" cx=\"256\" cy=\"258.2\" r=\"256\"><\/circle><path class=\"cls-2\" d=\"M418.06,194.12l-22.7-27.62c1.14,63-72.62,84-72.62,84C413.24,237.76,418.06,194.12,418.06,194.12Z\"><\/path><path class=\"cls-2\" d=\"M395.36,347.2l22.7-27.62s-4.82-43.64-95.32-56.35C322.74,263.23,396.5,284.22,395.36,347.2Z\"><\/path><polygon class=\"cls-2\" points=\"457.19 275.1 495.37 256.85 457.19 238.6 366.43 256.85 457.19 275.1\"><\/polygon><path class=\"cls-2\" d=\"M371.7,386.27C371.7,439.16,337.13,481,281,481H228.18c-55.45,0-91.34-41.83-91.34-94.72v-262c0-52.89,35.89-94.72,91.34-94.72H281c56.11,0,90.68,41.83,90.68,94.72V183.9H300.59l9.79-52.28C308.42,95.94,294.07,88,254.27,88c-38.49,0-55.45,16-55.45,52.9V369.66c0,36.9,17,52.9,55.45,52.9,39.8,0,54.15-6.77,56.11-43.06l-9.79-52.28H371.7Z\"><\/path><\/svg><\/div>\n\t\t\t\t\t\t<\/span>\n\t\t<\/div>\n\t\t\t\t\t\t<\/div>\n\t\t\t\t<\/div>\n\t\t\t\t<div class=\"elementor-element elementor-element-a6ef8f2 elementor-icon-list--layout-traditional elementor-list-item-link-full_width elementor-widget elementor-widget-icon-list\" data-id=\"a6ef8f2\" data-element_type=\"widget\" data-widget_type=\"icon-list.default\">\n\t\t\t\t<div class=\"elementor-widget-container\">\n\t\t\t\t\t\t\t<ul class=\"elementor-icon-list-items\">\n\t\t\t\t\t\t\t<li class=\"elementor-icon-list-item\">\n\t\t\t\t\t\t\t\t\t\t\t<span class=\"elementor-icon-list-icon\">\n\t\t\t\t\t\t\t<i aria-hidden=\"true\" class=\"fas fa-map-marker-alt\"><\/i>\t\t\t\t\t\t<\/span>\n\t\t\t\t\t\t\t\t\t\t<span class=\"elementor-icon-list-text\">Como llegar<\/span>\n\t\t\t\t\t\t\t\t\t<\/li>\n\t\t\t\t\t\t<\/ul>\n\t\t\t\t\t\t<\/div>\n\t\t\t\t<\/div>\n\t\t\t\t<div class=\"elementor-element elementor-element-3dbc915 elementor-widget elementor-widget-text-editor\" data-id=\"3dbc915\" data-element_type=\"widget\" data-widget_type=\"text-editor.default\">\n\t\t\t\t<div class=\"elementor-widget-container\">\n\t\t\t\t\t\t\t\t\t<p>Para llegar al lugar y viniendo desde Buenos Aires por Ruta Nacional nro. 8 en el km 135 se dobla a la izquierda y se contin\u00faa 8 km por camino de tierra. Si vienen desde Capit\u00e1n Sarmiento son 4 km de tierra.<\/p>\t\t\t\t\t\t\t\t<\/div>\n\t\t\t\t<\/div>\n\t\t\t\t\t<\/div>\n\t\t<\/div>\n\t\t\t\t<div class=\"elementor-column elementor-col-50 elementor-top-column elementor-element elementor-element-20b6c0a\" data-id=\"20b6c0a\" data-element_type=\"column\">\n\t\t\t<div class=\"elementor-widget-wrap elementor-element-populated\">\n\t\t\t\t\t\t<div class=\"elementor-element elementor-element-8ee76a8 animated-fast elementor-button-align-stretch elementor-invisible elementor-widget elementor-widget-form\" data-id=\"8ee76a8\" data-element_type=\"widget\" data-settings=\"{&quot;step_next_label&quot;:&quot;Next&quot;,&quot;step_previous_label&quot;:&quot;Previous&quot;,&quot;_animation&quot;:&quot;zoomIn&quot;,&quot;button_width&quot;:&quot;100&quot;,&quot;step_type&quot;:&quot;number_text&quot;,&quot;step_icon_shape&quot;:&quot;circle&quot;}\" data-widget_type=\"form.default\">\n\t\t\t\t<div class=\"elementor-widget-container\">\n\t\t\t\t\t\t\t<form class=\"elementor-form\" method=\"post\" name=\"New Form\" aria-label=\"New Form\">\n\t\t\t<input type=\"hidden\" name=\"post_id\" value=\"111\"\/>\n\t\t\t<input type=\"hidden\" name=\"form_id\" value=\"8ee76a8\"\/>\n\t\t\t<input type=\"hidden\" name=\"referer_title\" value=\"\" \/>\n\n\t\t\t\n\t\t\t<div class=\"elementor-form-fields-wrapper elementor-labels-\">\n\t\t\t\t\t\t\t\t<div class=\"elementor-field-type-text elementor-field-group elementor-column elementor-field-group-name elementor-col-100\">\n\t\t\t\t\t\t\t\t\t\t\t\t<label for=\"form-field-name\" class=\"elementor-field-label elementor-screen-only\">\n\t\t\t\t\t\t\t\tNombre\t\t\t\t\t\t\t<\/label>\n\t\t\t\t\t\t\t\t\t\t\t\t\t\t<input size=\"1\" type=\"text\" name=\"form_fields[name]\" id=\"form-field-name\" class=\"elementor-field elementor-size-sm  elementor-field-textual\" placeholder=\"Name\">\n\t\t\t\t\t\t\t\t\t\t\t<\/div>\n\t\t\t\t\t\t\t\t<div class=\"elementor-field-type-email elementor-field-group elementor-column elementor-field-group-email elementor-col-100 elementor-field-required\">\n\t\t\t\t\t\t\t\t\t\t\t\t<label for=\"form-field-email\" class=\"elementor-field-label elementor-screen-only\">\n\t\t\t\t\t\t\t\tEmail\t\t\t\t\t\t\t<\/label>\n\t\t\t\t\t\t\t\t\t\t\t\t\t\t<input size=\"1\" type=\"email\" name=\"form_fields[email]\" id=\"form-field-email\" class=\"elementor-field elementor-size-sm  elementor-field-textual\" placeholder=\"Email\" required=\"required\">\n\t\t\t\t\t\t\t\t\t\t\t<\/div>\n\t\t\t\t\t\t\t\t<div class=\"elementor-field-type-textarea elementor-field-group elementor-column elementor-field-group-message elementor-col-100\">\n\t\t\t\t\t\t\t\t\t\t\t\t<label for=\"form-field-message\" class=\"elementor-field-label elementor-screen-only\">\n\t\t\t\t\t\t\t\tMensaje\t\t\t\t\t\t\t<\/label>\n\t\t\t\t\t\t<textarea class=\"elementor-field-textual elementor-field  elementor-size-sm\" name=\"form_fields[message]\" id=\"form-field-message\" rows=\"6\" placeholder=\"Mensaje\"><\/textarea>\t\t\t\t<\/div>\n\t\t\t\t\t\t\t\t<div class=\"elementor-field-group elementor-column elementor-field-type-submit elementor-col-100 e-form__buttons\">\n\t\t\t\t\t<button class=\"elementor-button elementor-size-sm\" type=\"submit\">\n\t\t\t\t\t\t<span class=\"elementor-button-content-wrapper\">\n\t\t\t\t\t\t\t\t\t\t\t\t\t\t\t\t\t\t\t\t\t\t<span class=\"elementor-button-text\">Enviar<\/span>\n\t\t\t\t\t\t\t\t\t\t\t\t\t<\/span>\n\t\t\t\t\t<\/button>\n\t\t\t\t<\/div>\n\t\t\t<\/div>\n\t\t<\/form>\n\t\t\t\t\t\t<\/div>\n\t\t\t\t<\/div>\n\t\t\t\t<div class=\"elementor-element elementor-element-688324f elementor-widget elementor-widget-text-editor\" data-id=\"688324f\" data-element_type=\"widget\" data-widget_type=\"text-editor.default\">\n\t\t\t\t<div class=\"elementor-widget-container\">\n\t\t\t\t\t\t\t\t\t<p>Con las siguientes coordenadas y los planos se puede localizar el lugar, <strong>34\u00b012&#8217;39.1&#8243;S 59\u00b045&#8217;51.2&#8243;W<\/strong><\/p>\t\t\t\t\t\t\t\t<\/div>\n\t\t\t\t<\/div>\n\t\t\t\t<div class=\"elementor-element elementor-element-57d8af9 animated-fast elementor-invisible elementor-widget elementor-widget-google_maps\" data-id=\"57d8af9\" data-element_type=\"widget\" data-settings=\"{&quot;_animation&quot;:&quot;zoomIn&quot;}\" data-widget_type=\"google_maps.default\">\n\t\t\t\t<div class=\"elementor-widget-container\">\n\t\t\t\t\t\t\t<div class=\"elementor-custom-embed\">\n\t\t\t<iframe loading=\"lazy\"\n\t\t\t\t\tsrc=\"https:\/\/maps.google.com\/maps?q=34%C2%B012%E2%80%9939.1%E2%80%B3S%2059%C2%B045%E2%80%9951.2%E2%80%B3W&#038;t=m&#038;z=12&#038;output=embed&#038;iwloc=near\"\n\t\t\t\t\ttitle=\"34\u00b012\u201939.1\u2033S 59\u00b045\u201951.2\u2033W\"\n\t\t\t\t\taria-label=\"34\u00b012\u201939.1\u2033S 59\u00b045\u201951.2\u2033W\"\n\t\t\t><\/iframe>\n\t\t<\/div>\n\t\t\t\t\t\t<\/div>\n\t\t\t\t<\/div>\n\t\t\t\t\t<\/div>\n\t\t<\/div>\n\t\t\t\t\t<\/div>\n\t\t<\/section>\n\t\t\t\t<\/div>\n\t\t","protected":false},"excerpt":{"rendered":"<p>Les dejamos nuestros contactos, ya sea para pedido de informaci\u00f3n o para solicitar informaci\u00f3n relacionada a la elaboraci\u00f3n, as\u00ed podr\u00e1n hablar con Belen o con Marcelo. logo CARNEADA Marcelo En el caso de tener dudas en cuanto a la elaboraci\u00f3n de productos se pueden comunicar al +54 9 11 5315-0618 Bel\u00e9n en el caso de [&hellip;]<\/p>\n","protected":false},"author":1,"featured_media":0,"parent":0,"menu_order":0,"comment_status":"closed","ping_status":"closed","template":"","meta":{"_joinchat":[],"footnotes":""},"class_list":["post-111","page","type-page","status-publish","hentry"],"_links":{"self":[{"href":"https:\/\/carneada.com\/index.php\/wp-json\/wp\/v2\/pages\/111","targetHints":{"allow":["GET"]}}],"collection":[{"href":"https:\/\/carneada.com\/index.php\/wp-json\/wp\/v2\/pages"}],"about":[{"href":"https:\/\/carneada.com\/index.php\/wp-json\/wp\/v2\/types\/page"}],"author":[{"embeddable":true,"href":"https:\/\/carneada.com\/index.php\/wp-json\/wp\/v2\/users\/1"}],"replies":[{"embeddable":true,"href":"https:\/\/carneada.com\/index.php\/wp-json\/wp\/v2\/comments?post=111"}],"version-history":[{"count":181,"href":"https:\/\/carneada.com\/index.php\/wp-json\/wp\/v2\/pages\/111\/revisions"}],"predecessor-version":[{"id":4857,"href":"https:\/\/carneada.com\/index.php\/wp-json\/wp\/v2\/pages\/111\/revisions\/4857"}],"wp:attachment":[{"href":"https:\/\/carneada.com\/index.php\/wp-json\/wp\/v2\/media?parent=111"}],"curies":[{"name":"wp","href":"https:\/\/api.w.org\/{rel}","templated":true}]}}