{"id":2611,"date":"2023-08-04T01:00:39","date_gmt":"2023-08-04T04:00:39","guid":{"rendered":"https:\/\/carneada.com\/?page_id=2611"},"modified":"2024-03-21T14:45:02","modified_gmt":"2024-03-21T17:45:02","slug":"el-evento-2","status":"publish","type":"page","link":"https:\/\/carneada.com\/index.php\/el-evento-2\/","title":{"rendered":"El Evento"},"content":{"rendered":"\t\t<div data-elementor-type=\"wp-page\" data-elementor-id=\"2611\" class=\"elementor elementor-2611\" data-elementor-post-type=\"page\">\n\t\t\t\t\t\t<section class=\"elementor-section elementor-top-section elementor-element elementor-element-d14792f elementor-section-stretched elementor-section-boxed elementor-section-height-default elementor-section-height-default elementor-invisible\" data-id=\"d14792f\" data-element_type=\"section\" data-settings=\"{&quot;animation&quot;:&quot;fadeIn&quot;,&quot;background_background&quot;:&quot;classic&quot;,&quot;stretch_section&quot;:&quot;section-stretched&quot;}\">\n\t\t\t\t\t\t<div class=\"elementor-container elementor-column-gap-default\">\n\t\t\t\t\t<div class=\"elementor-column elementor-col-50 elementor-top-column elementor-element elementor-element-3c0e0e2\" data-id=\"3c0e0e2\" data-element_type=\"column\">\n\t\t\t<div class=\"elementor-widget-wrap elementor-element-populated\">\n\t\t\t\t\t\t<div class=\"elementor-element elementor-element-0edf876 elementor-widget elementor-widget-heading\" data-id=\"0edf876\" data-element_type=\"widget\" data-widget_type=\"heading.default\">\n\t\t\t\t<div class=\"elementor-widget-container\">\n\t\t\t\t\t<h2 class=\"elementor-heading-title elementor-size-default\">Lugar del Evento<\/h2>\t\t\t\t<\/div>\n\t\t\t\t<\/div>\n\t\t\t\t<div class=\"elementor-element elementor-element-7540754 elementor-widget elementor-widget-text-editor\" data-id=\"7540754\" data-element_type=\"widget\" data-widget_type=\"text-editor.default\">\n\t\t\t\t<div class=\"elementor-widget-container\">\n\t\t\t\t\t\t\t\t\t<p>El evento lo desarrollaremos en el establecimiento <strong>San Ram\u00f3n<\/strong>, una estancia con una antig\u00fcedad de m\u00e1s de 100 a\u00f1os, ubicada en <strong>Capit\u00e1n Sarmiento<\/strong> provincia de Buenos Aires.<br \/>En el lugar se puede ver la impronta de la vida de campo, donde las tradiciones se mantienen intactas y el entorno es el escenario que nos acompa\u00f1ar\u00e1 en esta primera edici\u00f3n de <strong>Carneada<\/strong>.<\/p>\t\t\t\t\t\t\t\t<\/div>\n\t\t\t\t<\/div>\n\t\t\t\t<div class=\"elementor-element elementor-element-13b4c3f elementor-widget-divider--view-line_icon elementor-view-default elementor-widget-divider--element-align-center elementor-widget elementor-widget-divider\" data-id=\"13b4c3f\" data-element_type=\"widget\" data-widget_type=\"divider.default\">\n\t\t\t\t<div class=\"elementor-widget-container\">\n\t\t\t\t\t\t\t<div class=\"elementor-divider\">\n\t\t\t<span class=\"elementor-divider-separator\">\n\t\t\t\t\t\t\t<div class=\"elementor-icon elementor-divider__element\">\n\t\t\t\t\t<svg xmlns=\"http:\/\/www.w3.org\/2000\/svg\" xmlns:xlink=\"http:\/\/www.w3.org\/1999\/xlink\" id=\"Capa_1\" data-name=\"Capa 1\" viewBox=\"0 0 512 512\"><defs><style>.cls-1{fill:url(#Degradado_sin_nombre_41);}.cls-2{fill:#fff;}<\/style><linearGradient id=\"Degradado_sin_nombre_41\" y1=\"258.2\" x2=\"512\" y2=\"258.2\" gradientUnits=\"userSpaceOnUse\"><stop offset=\"0\" stop-color=\"#d2091e\"><\/stop><stop offset=\"0.3\" stop-color=\"#cf0b1f\"><\/stop><stop offset=\"0.47\" stop-color=\"#c71020\"><\/stop><stop offset=\"0.57\" stop-color=\"#be1622\"><\/stop><stop offset=\"1\" stop-color=\"#b51923\"><\/stop><\/linearGradient><\/defs><title>logo CARNEADA<\/title><circle class=\"cls-1\" cx=\"256\" cy=\"258.2\" r=\"256\"><\/circle><path class=\"cls-2\" d=\"M418.06,194.12l-22.7-27.62c1.14,63-72.62,84-72.62,84C413.24,237.76,418.06,194.12,418.06,194.12Z\"><\/path><path class=\"cls-2\" d=\"M395.36,347.2l22.7-27.62s-4.82-43.64-95.32-56.35C322.74,263.23,396.5,284.22,395.36,347.2Z\"><\/path><polygon class=\"cls-2\" points=\"457.19 275.1 495.37 256.85 457.19 238.6 366.43 256.85 457.19 275.1\"><\/polygon><path class=\"cls-2\" d=\"M371.7,386.27C371.7,439.16,337.13,481,281,481H228.18c-55.45,0-91.34-41.83-91.34-94.72v-262c0-52.89,35.89-94.72,91.34-94.72H281c56.11,0,90.68,41.83,90.68,94.72V183.9H300.59l9.79-52.28C308.42,95.94,294.07,88,254.27,88c-38.49,0-55.45,16-55.45,52.9V369.66c0,36.9,17,52.9,55.45,52.9,39.8,0,54.15-6.77,56.11-43.06l-9.79-52.28H371.7Z\"><\/path><\/svg><\/div>\n\t\t\t\t\t\t<\/span>\n\t\t<\/div>\n\t\t\t\t\t\t<\/div>\n\t\t\t\t<\/div>\n\t\t\t\t<div class=\"elementor-element elementor-element-a6039ca elementor-widget elementor-widget-heading\" data-id=\"a6039ca\" data-element_type=\"widget\" data-widget_type=\"heading.default\">\n\t\t\t\t<div class=\"elementor-widget-container\">\n\t\t\t\t\t<h2 class=\"elementor-heading-title elementor-size-default\">C\u00f3mo Llegar<\/h2>\t\t\t\t<\/div>\n\t\t\t\t<\/div>\n\t\t\t\t<div class=\"elementor-element elementor-element-7f5174e elementor-widget elementor-widget-text-editor\" data-id=\"7f5174e\" data-element_type=\"widget\" data-widget_type=\"text-editor.default\">\n\t\t\t\t<div class=\"elementor-widget-container\">\n\t\t\t\t\t\t\t\t\t<p>Viniendo desde Buenos Aires por Ruta Nacional nro. 8 en el km 135 se dobla a la izquierda y se contin\u00faa 8 km por camino de tierra. Si vienen desde Capit\u00e1n Sarmiento son 4 km de tierra.<\/p>\t\t\t\t\t\t\t\t<\/div>\n\t\t\t\t<\/div>\n\t\t\t\t<div class=\"elementor-element elementor-element-3242f94 elementor-widget-divider--view-line_icon elementor-view-default elementor-widget-divider--element-align-center elementor-widget elementor-widget-divider\" data-id=\"3242f94\" data-element_type=\"widget\" data-widget_type=\"divider.default\">\n\t\t\t\t<div class=\"elementor-widget-container\">\n\t\t\t\t\t\t\t<div class=\"elementor-divider\">\n\t\t\t<span class=\"elementor-divider-separator\">\n\t\t\t\t\t\t\t<div class=\"elementor-icon elementor-divider__element\">\n\t\t\t\t\t<svg xmlns=\"http:\/\/www.w3.org\/2000\/svg\" xmlns:xlink=\"http:\/\/www.w3.org\/1999\/xlink\" id=\"Capa_1\" data-name=\"Capa 1\" viewBox=\"0 0 512 512\"><defs><style>.cls-1{fill:url(#Degradado_sin_nombre_41);}.cls-2{fill:#fff;}<\/style><linearGradient id=\"Degradado_sin_nombre_41\" y1=\"258.2\" x2=\"512\" y2=\"258.2\" gradientUnits=\"userSpaceOnUse\"><stop offset=\"0\" stop-color=\"#d2091e\"><\/stop><stop offset=\"0.3\" stop-color=\"#cf0b1f\"><\/stop><stop offset=\"0.47\" stop-color=\"#c71020\"><\/stop><stop offset=\"0.57\" stop-color=\"#be1622\"><\/stop><stop offset=\"1\" stop-color=\"#b51923\"><\/stop><\/linearGradient><\/defs><title>logo CARNEADA<\/title><circle class=\"cls-1\" cx=\"256\" cy=\"258.2\" r=\"256\"><\/circle><path class=\"cls-2\" d=\"M418.06,194.12l-22.7-27.62c1.14,63-72.62,84-72.62,84C413.24,237.76,418.06,194.12,418.06,194.12Z\"><\/path><path class=\"cls-2\" d=\"M395.36,347.2l22.7-27.62s-4.82-43.64-95.32-56.35C322.74,263.23,396.5,284.22,395.36,347.2Z\"><\/path><polygon class=\"cls-2\" points=\"457.19 275.1 495.37 256.85 457.19 238.6 366.43 256.85 457.19 275.1\"><\/polygon><path class=\"cls-2\" d=\"M371.7,386.27C371.7,439.16,337.13,481,281,481H228.18c-55.45,0-91.34-41.83-91.34-94.72v-262c0-52.89,35.89-94.72,91.34-94.72H281c56.11,0,90.68,41.83,90.68,94.72V183.9H300.59l9.79-52.28C308.42,95.94,294.07,88,254.27,88c-38.49,0-55.45,16-55.45,52.9V369.66c0,36.9,17,52.9,55.45,52.9,39.8,0,54.15-6.77,56.11-43.06l-9.79-52.28H371.7Z\"><\/path><\/svg><\/div>\n\t\t\t\t\t\t<\/span>\n\t\t<\/div>\n\t\t\t\t\t\t<\/div>\n\t\t\t\t<\/div>\n\t\t\t\t<div class=\"elementor-element elementor-element-d06e47d elementor-widget elementor-widget-heading\" data-id=\"d06e47d\" data-element_type=\"widget\" data-widget_type=\"heading.default\">\n\t\t\t\t<div class=\"elementor-widget-container\">\n\t\t\t\t\t<h2 class=\"elementor-heading-title elementor-size-default\">Objetivos<\/h2>\t\t\t\t<\/div>\n\t\t\t\t<\/div>\n\t\t\t\t<div class=\"elementor-element elementor-element-74b3eff elementor-widget elementor-widget-text-editor\" data-id=\"74b3eff\" data-element_type=\"widget\" data-widget_type=\"text-editor.default\">\n\t\t\t\t<div class=\"elementor-widget-container\">\n\t\t\t\t\t\t\t\t\t<p>Te proponemos vivir la experiencia de ser part\u00edcipe de una de las principales tradiciones de nuestro campo complementando esta acci\u00f3n con la t\u00e9cnica en elaboraci\u00f3n de productos de charcuter\u00eda como Salames, queso de cerdo, morcillas chorizos parrilleros, salchichas, pastas finas etc.<\/p>\t\t\t\t\t\t\t\t<\/div>\n\t\t\t\t<\/div>\n\t\t\t\t\t<\/div>\n\t\t<\/div>\n\t\t\t\t<div class=\"elementor-column elementor-col-50 elementor-top-column elementor-element elementor-element-e7e206b\" data-id=\"e7e206b\" data-element_type=\"column\">\n\t\t\t<div class=\"elementor-widget-wrap elementor-element-populated\">\n\t\t\t\t\t\t<div class=\"elementor-element elementor-element-8fd239b elementor-widget elementor-widget-heading\" data-id=\"8fd239b\" data-element_type=\"widget\" data-widget_type=\"heading.default\">\n\t\t\t\t<div class=\"elementor-widget-container\">\n\t\t\t\t\t<h2 class=\"elementor-heading-title elementor-size-default\">Cronograma de Actividades<\/h2>\t\t\t\t<\/div>\n\t\t\t\t<\/div>\n\t\t\t\t<div class=\"elementor-element elementor-element-31d9bbe elementor-widget elementor-widget-text-editor\" data-id=\"31d9bbe\" data-element_type=\"widget\" data-widget_type=\"text-editor.default\">\n\t\t\t\t<div class=\"elementor-widget-container\">\n\t\t\t\t\t\t\t\t\t<p><strong>Aclaraci\u00f3n:<\/strong> todos los participantes tienen la total libertad de participar de todas las actividades u optar por permanecer en las \u00e1reas de descanso habilitadas a tal efecto.<\/p>\t\t\t\t\t\t\t\t<\/div>\n\t\t\t\t<\/div>\n\t\t\t\t<div class=\"elementor-element elementor-element-3d0b350 elementor-widget-divider--view-line_icon elementor-view-default elementor-widget-divider--element-align-center elementor-widget elementor-widget-divider\" data-id=\"3d0b350\" data-element_type=\"widget\" data-widget_type=\"divider.default\">\n\t\t\t\t<div class=\"elementor-widget-container\">\n\t\t\t\t\t\t\t<div class=\"elementor-divider\">\n\t\t\t<span class=\"elementor-divider-separator\">\n\t\t\t\t\t\t\t<div class=\"elementor-icon elementor-divider__element\">\n\t\t\t\t\t<svg xmlns=\"http:\/\/www.w3.org\/2000\/svg\" xmlns:xlink=\"http:\/\/www.w3.org\/1999\/xlink\" id=\"Capa_1\" data-name=\"Capa 1\" viewBox=\"0 0 512 512\"><defs><style>.cls-1{fill:url(#Degradado_sin_nombre_41);}.cls-2{fill:#fff;}<\/style><linearGradient id=\"Degradado_sin_nombre_41\" y1=\"258.2\" x2=\"512\" y2=\"258.2\" gradientUnits=\"userSpaceOnUse\"><stop offset=\"0\" stop-color=\"#d2091e\"><\/stop><stop offset=\"0.3\" stop-color=\"#cf0b1f\"><\/stop><stop offset=\"0.47\" stop-color=\"#c71020\"><\/stop><stop offset=\"0.57\" stop-color=\"#be1622\"><\/stop><stop offset=\"1\" stop-color=\"#b51923\"><\/stop><\/linearGradient><\/defs><title>logo CARNEADA<\/title><circle class=\"cls-1\" cx=\"256\" cy=\"258.2\" r=\"256\"><\/circle><path class=\"cls-2\" d=\"M418.06,194.12l-22.7-27.62c1.14,63-72.62,84-72.62,84C413.24,237.76,418.06,194.12,418.06,194.12Z\"><\/path><path class=\"cls-2\" d=\"M395.36,347.2l22.7-27.62s-4.82-43.64-95.32-56.35C322.74,263.23,396.5,284.22,395.36,347.2Z\"><\/path><polygon class=\"cls-2\" points=\"457.19 275.1 495.37 256.85 457.19 238.6 366.43 256.85 457.19 275.1\"><\/polygon><path class=\"cls-2\" d=\"M371.7,386.27C371.7,439.16,337.13,481,281,481H228.18c-55.45,0-91.34-41.83-91.34-94.72v-262c0-52.89,35.89-94.72,91.34-94.72H281c56.11,0,90.68,41.83,90.68,94.72V183.9H300.59l9.79-52.28C308.42,95.94,294.07,88,254.27,88c-38.49,0-55.45,16-55.45,52.9V369.66c0,36.9,17,52.9,55.45,52.9,39.8,0,54.15-6.77,56.11-43.06l-9.79-52.28H371.7Z\"><\/path><\/svg><\/div>\n\t\t\t\t\t\t<\/span>\n\t\t<\/div>\n\t\t\t\t\t\t<\/div>\n\t\t\t\t<\/div>\n\t\t\t\t<div class=\"elementor-element elementor-element-ba29a76 elementor-widget elementor-widget-heading\" data-id=\"ba29a76\" data-element_type=\"widget\" data-widget_type=\"heading.default\">\n\t\t\t\t<div class=\"elementor-widget-container\">\n\t\t\t\t\t<h2 class=\"elementor-heading-title elementor-size-default\">Familiares de los Charcuteros<\/h2>\t\t\t\t<\/div>\n\t\t\t\t<\/div>\n\t\t\t\t<div class=\"elementor-element elementor-element-44a0d78 elementor-widget elementor-widget-text-editor\" data-id=\"44a0d78\" data-element_type=\"widget\" data-widget_type=\"text-editor.default\">\n\t\t\t\t<div class=\"elementor-widget-container\">\n\t\t\t\t\t\t\t\t\t<p>A partir de este a\u00f1o, nuestros familiares o amigos que nos acompa\u00f1an, se pueden sumar a la cena del s\u00e1bado y\/o al almuerzo del d\u00eda domingo. Consultar el costo adicional por persona&nbsp;por cada una de las comidas, teniendo todo incluido como cualquiera de los participantes.<br><strong>Importante:<\/strong> al momento de la inscripci\u00f3n deber\u00e1 informar si hay o no familiares adicionales. Igualmente se podr\u00e1n agregar personas hasta 15 dias antes del evento.<\/p>\t\t\t\t\t\t\t\t<\/div>\n\t\t\t\t<\/div>\n\t\t\t\t\t<\/div>\n\t\t<\/div>\n\t\t\t\t\t<\/div>\n\t\t<\/section>\n\t\t\t\t<\/div>\n\t\t","protected":false},"excerpt":{"rendered":"<p>Lugar del Evento El evento lo desarrollaremos en el establecimiento San Ram\u00f3n, una estancia con una antig\u00fcedad de m\u00e1s de 100 a\u00f1os, ubicada en Capit\u00e1n Sarmiento provincia de Buenos Aires.En el lugar se puede ver la impronta de la vida de campo, donde las tradiciones se mantienen intactas y el entorno es el escenario que [&hellip;]<\/p>\n","protected":false},"author":1,"featured_media":0,"parent":0,"menu_order":0,"comment_status":"closed","ping_status":"closed","template":"","meta":{"_joinchat":[],"footnotes":""},"class_list":["post-2611","page","type-page","status-publish","hentry"],"_links":{"self":[{"href":"https:\/\/carneada.com\/index.php\/wp-json\/wp\/v2\/pages\/2611","targetHints":{"allow":["GET"]}}],"collection":[{"href":"https:\/\/carneada.com\/index.php\/wp-json\/wp\/v2\/pages"}],"about":[{"href":"https:\/\/carneada.com\/index.php\/wp-json\/wp\/v2\/types\/page"}],"author":[{"embeddable":true,"href":"https:\/\/carneada.com\/index.php\/wp-json\/wp\/v2\/users\/1"}],"replies":[{"embeddable":true,"href":"https:\/\/carneada.com\/index.php\/wp-json\/wp\/v2\/comments?post=2611"}],"version-history":[{"count":187,"href":"https:\/\/carneada.com\/index.php\/wp-json\/wp\/v2\/pages\/2611\/revisions"}],"predecessor-version":[{"id":4357,"href":"https:\/\/carneada.com\/index.php\/wp-json\/wp\/v2\/pages\/2611\/revisions\/4357"}],"wp:attachment":[{"href":"https:\/\/carneada.com\/index.php\/wp-json\/wp\/v2\/media?parent=2611"}],"curies":[{"name":"wp","href":"https:\/\/api.w.org\/{rel}","templated":true}]}}