{"id":4168,"date":"2023-09-18T16:42:25","date_gmt":"2023-09-18T19:42:25","guid":{"rendered":"https:\/\/carneada.com\/?page_id=4168"},"modified":"2024-03-21T14:45:02","modified_gmt":"2024-03-21T17:45:02","slug":"el-lugar","status":"publish","type":"page","link":"https:\/\/carneada.com\/index.php\/el-lugar\/","title":{"rendered":"El Lugar"},"content":{"rendered":"\t\t<div data-elementor-type=\"wp-page\" data-elementor-id=\"4168\" class=\"elementor elementor-4168\" data-elementor-post-type=\"page\">\n\t\t\t\t\t\t<section class=\"elementor-section elementor-top-section elementor-element elementor-element-b5af2f4 elementor-section-stretched elementor-section-boxed elementor-section-height-default elementor-section-height-default\" data-id=\"b5af2f4\" data-element_type=\"section\" data-settings=\"{&quot;stretch_section&quot;:&quot;section-stretched&quot;}\">\n\t\t\t\t\t\t<div class=\"elementor-container elementor-column-gap-default\">\n\t\t\t\t\t<div class=\"elementor-column elementor-col-50 elementor-top-column elementor-element elementor-element-a84b00f\" data-id=\"a84b00f\" data-element_type=\"column\">\n\t\t\t<div class=\"elementor-widget-wrap elementor-element-populated\">\n\t\t\t\t\t\t<div class=\"elementor-element elementor-element-489ae53 elementor-widget elementor-widget-text-editor\" data-id=\"489ae53\" data-element_type=\"widget\" data-widget_type=\"text-editor.default\">\n\t\t\t\t<div class=\"elementor-widget-container\">\n\t\t\t\t\t\t\t\t\t<p>El evento se desarrolla en el establecimiento <strong>San Ram\u00f3n<\/strong>, una estancia con una antig\u00fcedad de m\u00e1s de 100 a\u00f1os, ubicada en Capit\u00e1n Sarmiento provincia de Buenos Aires, a pocos kil\u00f3metros del pueblo de Duggan.<\/p>\n<p>En el lugar se puede ver la impronta de la vida de campo, donde las tradiciones se mantienen intactas, el entorno es un escenario con varias construcciones de colores y tonos colorados con una exuberante vegetaci\u00f3n donde las casuarinas, los eucaliptos, c\u00edtricos y frutales se encargan de brindar aromas, sombras y olores indescriptibles.<\/p>\t\t\t\t\t\t\t\t<\/div>\n\t\t\t\t<\/div>\n\t\t\t\t\t<\/div>\n\t\t<\/div>\n\t\t\t\t<div class=\"elementor-column elementor-col-50 elementor-top-column elementor-element elementor-element-06b18f7\" data-id=\"06b18f7\" data-element_type=\"column\">\n\t\t\t<div class=\"elementor-widget-wrap elementor-element-populated\">\n\t\t\t\t\t\t<div class=\"elementor-element elementor-element-6517e4f elementor-widget elementor-widget-text-editor\" data-id=\"6517e4f\" data-element_type=\"widget\" data-widget_type=\"text-editor.default\">\n\t\t\t\t<div class=\"elementor-widget-container\">\n\t\t\t\t\t\t\t\t\t<p><span style=\"color: var( --e-global-color-text ); font-family: var( --e-global-typography-text-font-family ), Sans-serif; font-weight: var( --e-global-typography-text-font-weight ); font-size: 1rem;\">El lugar nos brinda rincones muy acogedores, destac\u00e1ndose la zona de los fuegos, donde las cocciones de la mano de Sebastian Iraola te hacen bailar la lengua al ritmo de los currys, los asados, las cocciones de olla y las infaltables torta fritas, la zona de los corrales con los Cerdos Duroc invit\u00e1ndote a chapalear sus barros, la zona de la faena y la charcuter\u00eda de <strong>Red Pig<\/strong>, y para los m\u00e1s peque\u00f1os que acompa\u00f1an sus padres, tienen los frutales, el parque y el rinc\u00f3n del carruaje y muchos lugares m\u00e1gicos de reinas y duendes.<\/span><\/p><p><strong>Si lo viv\u00eds\u00a0lo\u00a0sentir\u00e1s.<\/strong><\/p>\t\t\t\t\t\t\t\t<\/div>\n\t\t\t\t<\/div>\n\t\t\t\t\t<\/div>\n\t\t<\/div>\n\t\t\t\t\t<\/div>\n\t\t<\/section>\n\t\t\t\t<section class=\"elementor-section elementor-top-section elementor-element elementor-element-26b27d7 elementor-section-stretched elementor-section-boxed elementor-section-height-default elementor-section-height-default\" data-id=\"26b27d7\" data-element_type=\"section\" data-settings=\"{&quot;stretch_section&quot;:&quot;section-stretched&quot;}\">\n\t\t\t\t\t\t<div class=\"elementor-container elementor-column-gap-default\">\n\t\t\t\t\t<div class=\"elementor-column elementor-col-100 elementor-top-column elementor-element elementor-element-eb31cc0\" data-id=\"eb31cc0\" data-element_type=\"column\">\n\t\t\t<div class=\"elementor-widget-wrap elementor-element-populated\">\n\t\t\t\t\t\t<div class=\"elementor-element elementor-element-3eab308 elementor-arrows-position-inside elementor-pagination-position-outside elementor-widget elementor-widget-image-carousel\" data-id=\"3eab308\" data-element_type=\"widget\" data-settings=\"{&quot;slides_to_show&quot;:&quot;2&quot;,&quot;lazyload&quot;:&quot;yes&quot;,&quot;navigation&quot;:&quot;both&quot;,&quot;autoplay&quot;:&quot;yes&quot;,&quot;pause_on_hover&quot;:&quot;yes&quot;,&quot;pause_on_interaction&quot;:&quot;yes&quot;,&quot;autoplay_speed&quot;:5000,&quot;infinite&quot;:&quot;yes&quot;,&quot;speed&quot;:500,&quot;image_spacing_custom&quot;:{&quot;unit&quot;:&quot;px&quot;,&quot;size&quot;:20,&quot;sizes&quot;:[]},&quot;image_spacing_custom_tablet&quot;:{&quot;unit&quot;:&quot;px&quot;,&quot;size&quot;:&quot;&quot;,&quot;sizes&quot;:[]},&quot;image_spacing_custom_mobile&quot;:{&quot;unit&quot;:&quot;px&quot;,&quot;size&quot;:&quot;&quot;,&quot;sizes&quot;:[]}}\" data-widget_type=\"image-carousel.default\">\n\t\t\t\t<div class=\"elementor-widget-container\">\n\t\t\t\t\t\t\t<div class=\"elementor-image-carousel-wrapper swiper\" role=\"region\" aria-roledescription=\"carousel\" aria-label=\"Carrusel de im\u00e1genes\" dir=\"ltr\">\n\t\t\t<div class=\"elementor-image-carousel swiper-wrapper\" aria-live=\"off\">\n\t\t\t\t\t\t\t\t<div class=\"swiper-slide\" role=\"group\" aria-roledescription=\"slide\" aria-label=\"1 of 8\"><a data-elementor-open-lightbox=\"yes\" data-elementor-lightbox-slideshow=\"3eab308\" data-elementor-lightbox-title=\"el lugar (8)\" data-e-action-hash=\"#elementor-action%3Aaction%3Dlightbox%26settings%3DeyJpZCI6NDE4MiwidXJsIjoiaHR0cHM6XC9cL2Nhcm5lYWRhLmNvbVwvd3AtY29udGVudFwvdXBsb2Fkc1wvMjAyM1wvMDlcL2VsLWx1Z2FyLTguanBlZyIsInNsaWRlc2hvdyI6IjNlYWIzMDgifQ%3D%3D\" href=\"https:\/\/carneada.com\/wp-content\/uploads\/2023\/09\/el-lugar-8.jpeg\"><figure class=\"swiper-slide-inner\"><img class=\"swiper-slide-image swiper-lazy\" data-src=\"https:\/\/carneada.com\/wp-content\/uploads\/2023\/09\/el-lugar-8-768x576.jpeg\" alt=\"el lugar (8)\" \/><div class=\"swiper-lazy-preloader\"><\/div><\/figure><\/a><\/div><div class=\"swiper-slide\" role=\"group\" aria-roledescription=\"slide\" aria-label=\"2 of 8\"><a data-elementor-open-lightbox=\"yes\" data-elementor-lightbox-slideshow=\"3eab308\" data-elementor-lightbox-title=\"el lugar (7)\" data-e-action-hash=\"#elementor-action%3Aaction%3Dlightbox%26settings%3DeyJpZCI6NDE4MSwidXJsIjoiaHR0cHM6XC9cL2Nhcm5lYWRhLmNvbVwvd3AtY29udGVudFwvdXBsb2Fkc1wvMjAyM1wvMDlcL2VsLWx1Z2FyLTcuanBlZyIsInNsaWRlc2hvdyI6IjNlYWIzMDgifQ%3D%3D\" href=\"https:\/\/carneada.com\/wp-content\/uploads\/2023\/09\/el-lugar-7.jpeg\"><figure class=\"swiper-slide-inner\"><img class=\"swiper-slide-image swiper-lazy\" data-src=\"https:\/\/carneada.com\/wp-content\/uploads\/2023\/09\/el-lugar-7-768x576.jpeg\" alt=\"el lugar (7)\" \/><div class=\"swiper-lazy-preloader\"><\/div><\/figure><\/a><\/div><div class=\"swiper-slide\" role=\"group\" aria-roledescription=\"slide\" aria-label=\"3 of 8\"><a data-elementor-open-lightbox=\"yes\" data-elementor-lightbox-slideshow=\"3eab308\" data-elementor-lightbox-title=\"el lugar (6)\" data-e-action-hash=\"#elementor-action%3Aaction%3Dlightbox%26settings%3DeyJpZCI6NDE4MCwidXJsIjoiaHR0cHM6XC9cL2Nhcm5lYWRhLmNvbVwvd3AtY29udGVudFwvdXBsb2Fkc1wvMjAyM1wvMDlcL2VsLWx1Z2FyLTYuanBlZyIsInNsaWRlc2hvdyI6IjNlYWIzMDgifQ%3D%3D\" href=\"https:\/\/carneada.com\/wp-content\/uploads\/2023\/09\/el-lugar-6.jpeg\"><figure class=\"swiper-slide-inner\"><img class=\"swiper-slide-image swiper-lazy\" data-src=\"https:\/\/carneada.com\/wp-content\/uploads\/2023\/09\/el-lugar-6-768x576.jpeg\" alt=\"el lugar (6)\" \/><div class=\"swiper-lazy-preloader\"><\/div><\/figure><\/a><\/div><div class=\"swiper-slide\" role=\"group\" aria-roledescription=\"slide\" aria-label=\"4 of 8\"><a data-elementor-open-lightbox=\"yes\" data-elementor-lightbox-slideshow=\"3eab308\" data-elementor-lightbox-title=\"el lugar (5)\" data-e-action-hash=\"#elementor-action%3Aaction%3Dlightbox%26settings%3DeyJpZCI6NDE3OSwidXJsIjoiaHR0cHM6XC9cL2Nhcm5lYWRhLmNvbVwvd3AtY29udGVudFwvdXBsb2Fkc1wvMjAyM1wvMDlcL2VsLWx1Z2FyLTUuanBlZyIsInNsaWRlc2hvdyI6IjNlYWIzMDgifQ%3D%3D\" href=\"https:\/\/carneada.com\/wp-content\/uploads\/2023\/09\/el-lugar-5.jpeg\"><figure class=\"swiper-slide-inner\"><img class=\"swiper-slide-image swiper-lazy\" data-src=\"https:\/\/carneada.com\/wp-content\/uploads\/2023\/09\/el-lugar-5-768x1024.jpeg\" alt=\"el lugar (5)\" \/><div class=\"swiper-lazy-preloader\"><\/div><\/figure><\/a><\/div><div class=\"swiper-slide\" role=\"group\" aria-roledescription=\"slide\" aria-label=\"5 of 8\"><a data-elementor-open-lightbox=\"yes\" data-elementor-lightbox-slideshow=\"3eab308\" data-elementor-lightbox-title=\"el lugar (4)\" data-e-action-hash=\"#elementor-action%3Aaction%3Dlightbox%26settings%3DeyJpZCI6NDE3OCwidXJsIjoiaHR0cHM6XC9cL2Nhcm5lYWRhLmNvbVwvd3AtY29udGVudFwvdXBsb2Fkc1wvMjAyM1wvMDlcL2VsLWx1Z2FyLTQuanBlZyIsInNsaWRlc2hvdyI6IjNlYWIzMDgifQ%3D%3D\" href=\"https:\/\/carneada.com\/wp-content\/uploads\/2023\/09\/el-lugar-4.jpeg\"><figure class=\"swiper-slide-inner\"><img class=\"swiper-slide-image swiper-lazy\" data-src=\"https:\/\/carneada.com\/wp-content\/uploads\/2023\/09\/el-lugar-4-768x1024.jpeg\" alt=\"el lugar (4)\" \/><div class=\"swiper-lazy-preloader\"><\/div><\/figure><\/a><\/div><div class=\"swiper-slide\" role=\"group\" aria-roledescription=\"slide\" aria-label=\"6 of 8\"><a data-elementor-open-lightbox=\"yes\" data-elementor-lightbox-slideshow=\"3eab308\" data-elementor-lightbox-title=\"el lugar (3)\" data-e-action-hash=\"#elementor-action%3Aaction%3Dlightbox%26settings%3DeyJpZCI6NDE3NywidXJsIjoiaHR0cHM6XC9cL2Nhcm5lYWRhLmNvbVwvd3AtY29udGVudFwvdXBsb2Fkc1wvMjAyM1wvMDlcL2VsLWx1Z2FyLTMuanBlZyIsInNsaWRlc2hvdyI6IjNlYWIzMDgifQ%3D%3D\" href=\"https:\/\/carneada.com\/wp-content\/uploads\/2023\/09\/el-lugar-3.jpeg\"><figure class=\"swiper-slide-inner\"><img class=\"swiper-slide-image swiper-lazy\" data-src=\"https:\/\/carneada.com\/wp-content\/uploads\/2023\/09\/el-lugar-3-768x576.jpeg\" alt=\"el lugar (3)\" \/><div class=\"swiper-lazy-preloader\"><\/div><\/figure><\/a><\/div><div class=\"swiper-slide\" role=\"group\" aria-roledescription=\"slide\" aria-label=\"7 of 8\"><a data-elementor-open-lightbox=\"yes\" data-elementor-lightbox-slideshow=\"3eab308\" data-elementor-lightbox-title=\"el lugar (2)\" data-e-action-hash=\"#elementor-action%3Aaction%3Dlightbox%26settings%3DeyJpZCI6NDE3NiwidXJsIjoiaHR0cHM6XC9cL2Nhcm5lYWRhLmNvbVwvd3AtY29udGVudFwvdXBsb2Fkc1wvMjAyM1wvMDlcL2VsLWx1Z2FyLTIuanBlZyIsInNsaWRlc2hvdyI6IjNlYWIzMDgifQ%3D%3D\" href=\"https:\/\/carneada.com\/wp-content\/uploads\/2023\/09\/el-lugar-2.jpeg\"><figure class=\"swiper-slide-inner\"><img class=\"swiper-slide-image swiper-lazy\" data-src=\"https:\/\/carneada.com\/wp-content\/uploads\/2023\/09\/el-lugar-2-768x1024.jpeg\" alt=\"el lugar (2)\" \/><div class=\"swiper-lazy-preloader\"><\/div><\/figure><\/a><\/div><div class=\"swiper-slide\" role=\"group\" aria-roledescription=\"slide\" aria-label=\"8 of 8\"><a data-elementor-open-lightbox=\"yes\" data-elementor-lightbox-slideshow=\"3eab308\" data-elementor-lightbox-title=\"el lugar (1)\" data-e-action-hash=\"#elementor-action%3Aaction%3Dlightbox%26settings%3DeyJpZCI6NDE3NSwidXJsIjoiaHR0cHM6XC9cL2Nhcm5lYWRhLmNvbVwvd3AtY29udGVudFwvdXBsb2Fkc1wvMjAyM1wvMDlcL2VsLWx1Z2FyLTEuanBlZyIsInNsaWRlc2hvdyI6IjNlYWIzMDgifQ%3D%3D\" href=\"https:\/\/carneada.com\/wp-content\/uploads\/2023\/09\/el-lugar-1.jpeg\"><figure class=\"swiper-slide-inner\"><img class=\"swiper-slide-image swiper-lazy\" data-src=\"https:\/\/carneada.com\/wp-content\/uploads\/2023\/09\/el-lugar-1-768x576.jpeg\" alt=\"el lugar (1)\" \/><div class=\"swiper-lazy-preloader\"><\/div><\/figure><\/a><\/div>\t\t\t<\/div>\n\t\t\t\t\t\t\t\t\t\t\t\t<div class=\"elementor-swiper-button elementor-swiper-button-prev\" role=\"button\" tabindex=\"0\">\n\t\t\t\t\t\t<i aria-hidden=\"true\" class=\"eicon-chevron-left\"><\/i>\t\t\t\t\t<\/div>\n\t\t\t\t\t<div class=\"elementor-swiper-button elementor-swiper-button-next\" role=\"button\" tabindex=\"0\">\n\t\t\t\t\t\t<i aria-hidden=\"true\" class=\"eicon-chevron-right\"><\/i>\t\t\t\t\t<\/div>\n\t\t\t\t\n\t\t\t\t\t\t\t\t\t<div class=\"swiper-pagination\"><\/div>\n\t\t\t\t\t\t\t\t\t<\/div>\n\t\t\t\t\t\t<\/div>\n\t\t\t\t<\/div>\n\t\t\t\t\t<\/div>\n\t\t<\/div>\n\t\t\t\t\t<\/div>\n\t\t<\/section>\n\t\t\t\t<\/div>\n\t\t","protected":false},"excerpt":{"rendered":"<p>El evento se desarrolla en el establecimiento San Ram\u00f3n, una estancia con una antig\u00fcedad de m\u00e1s de 100 a\u00f1os, ubicada en Capit\u00e1n Sarmiento provincia de Buenos Aires, a pocos kil\u00f3metros del pueblo de Duggan. En el lugar se puede ver la impronta de la vida de campo, donde las tradiciones se mantienen intactas, el entorno [&hellip;]<\/p>\n","protected":false},"author":1,"featured_media":0,"parent":0,"menu_order":0,"comment_status":"closed","ping_status":"closed","template":"","meta":{"_joinchat":[],"footnotes":""},"class_list":["post-4168","page","type-page","status-publish","hentry"],"_links":{"self":[{"href":"https:\/\/carneada.com\/index.php\/wp-json\/wp\/v2\/pages\/4168","targetHints":{"allow":["GET"]}}],"collection":[{"href":"https:\/\/carneada.com\/index.php\/wp-json\/wp\/v2\/pages"}],"about":[{"href":"https:\/\/carneada.com\/index.php\/wp-json\/wp\/v2\/types\/page"}],"author":[{"embeddable":true,"href":"https:\/\/carneada.com\/index.php\/wp-json\/wp\/v2\/users\/1"}],"replies":[{"embeddable":true,"href":"https:\/\/carneada.com\/index.php\/wp-json\/wp\/v2\/comments?post=4168"}],"version-history":[{"count":64,"href":"https:\/\/carneada.com\/index.php\/wp-json\/wp\/v2\/pages\/4168\/revisions"}],"predecessor-version":[{"id":4360,"href":"https:\/\/carneada.com\/index.php\/wp-json\/wp\/v2\/pages\/4168\/revisions\/4360"}],"wp:attachment":[{"href":"https:\/\/carneada.com\/index.php\/wp-json\/wp\/v2\/media?parent=4168"}],"curies":[{"name":"wp","href":"https:\/\/api.w.org\/{rel}","templated":true}]}}